{"id":1219,"date":"2020-06-18T15:32:10","date_gmt":"2020-06-18T13:32:10","guid":{"rendered":"https:\/\/www.mpcmeccanica.it\/news\/"},"modified":"2023-07-31T09:46:50","modified_gmt":"2023-07-31T07:46:50","slug":"nouveautes","status":"publish","type":"page","link":"https:\/\/www.mpcmeccanica.it\/fr\/nouveautes\/","title":{"rendered":"Nouveaut\u00e9s"},"content":{"rendered":"\t\t<div data-elementor-type=\"wp-page\" data-elementor-id=\"1219\" class=\"elementor elementor-1219 elementor-74\" data-elementor-post-type=\"page\">\n\t\t\t\t\t\t<section class=\"elementor-section elementor-top-section elementor-element elementor-element-6d03202 elementor-section-height-min-height elementor-section-boxed elementor-section-height-default elementor-section-items-middle\" data-id=\"6d03202\" data-element_type=\"section\" data-e-type=\"section\" data-settings=\"{&quot;background_background&quot;:&quot;classic&quot;}\">\n\t\t\t\t\t\t<div class=\"elementor-container elementor-column-gap-no\">\n\t\t\t\t\t<div class=\"elementor-column elementor-col-100 elementor-top-column elementor-element elementor-element-4e82c3f\" data-id=\"4e82c3f\" data-element_type=\"column\" data-e-type=\"column\" data-settings=\"{&quot;background_background&quot;:&quot;classic&quot;}\">\n\t\t\t<div class=\"elementor-widget-wrap elementor-element-populated\">\n\t\t\t\t\t\t<div class=\"elementor-element elementor-element-ea5b280 elementor--h-position-left elementor-arrows-position-outside elementor-hidden-phone elementor--v-position-middle elementor-pagination-position-inside elementor-widget elementor-widget-slides\" data-id=\"ea5b280\" data-element_type=\"widget\" data-e-type=\"widget\" data-settings=\"{&quot;autoplay_speed&quot;:4000,&quot;transition&quot;:&quot;fade&quot;,&quot;navigation&quot;:&quot;both&quot;,&quot;autoplay&quot;:&quot;yes&quot;,&quot;infinite&quot;:&quot;yes&quot;,&quot;transition_speed&quot;:500}\" data-widget_type=\"slides.default\">\n\t\t\t\t<div class=\"elementor-widget-container\">\n\t\t\t\t\t\t\t\t\t<div class=\"elementor-swiper\">\n\t\t\t\t\t<div class=\"elementor-slides-wrapper elementor-main-swiper swiper\" role=\"region\" aria-roledescription=\"carousel\" aria-label=\"Diapositives\" dir=\"ltr\" data-animation=\"\">\n\t\t\t\t<div class=\"swiper-wrapper elementor-slides\">\n\t\t\t\t\t\t\t\t\t\t<div class=\"elementor-repeater-item-14b24eb swiper-slide\" role=\"group\" aria-roledescription=\"slide\"><div class=\"swiper-slide-bg\" role=\"img\" aria-label=\"MPC_visual_news\"><\/div><div class=\"swiper-slide-inner\" ><div class=\"swiper-slide-contents\"><div class=\"elementor-slide-heading\">\u00c9V\u00c9NEMENTS&<BR>NOUVEAUT\u00c9S<\/div><\/div><\/div><\/div>\t\t\t\t<\/div>\n\t\t\t\t\t\t\t<\/div>\n\t\t\t\t<\/div>\n\t\t\t\t\t\t\t\t<\/div>\n\t\t\t\t<\/div>\n\t\t\t\t<div class=\"elementor-element elementor-element-db2cf22 elementor--h-position-left elementor-arrows-position-outside elementor-hidden-desktop elementor-hidden-tablet elementor--v-position-middle elementor-pagination-position-inside elementor-widget elementor-widget-slides\" data-id=\"db2cf22\" data-element_type=\"widget\" data-e-type=\"widget\" data-settings=\"{&quot;autoplay_speed&quot;:4000,&quot;transition&quot;:&quot;fade&quot;,&quot;navigation&quot;:&quot;both&quot;,&quot;autoplay&quot;:&quot;yes&quot;,&quot;infinite&quot;:&quot;yes&quot;,&quot;transition_speed&quot;:500}\" data-widget_type=\"slides.default\">\n\t\t\t\t<div class=\"elementor-widget-container\">\n\t\t\t\t\t\t\t\t\t<div class=\"elementor-swiper\">\n\t\t\t\t\t<div class=\"elementor-slides-wrapper elementor-main-swiper swiper\" role=\"region\" aria-roledescription=\"carousel\" aria-label=\"Diapositives\" dir=\"ltr\" data-animation=\"\">\n\t\t\t\t<div class=\"swiper-wrapper elementor-slides\">\n\t\t\t\t\t\t\t\t\t\t<div class=\"elementor-repeater-item-14b24eb swiper-slide\" role=\"group\" aria-roledescription=\"slide\"><div class=\"swiper-slide-bg\"><\/div><div class=\"swiper-slide-inner\" ><div class=\"swiper-slide-contents\"><div class=\"elementor-slide-heading\">\u00c9V\u00c9NEMENTS&<BR>NOUVEAUT\u00c9S<\/div><\/div><\/div><\/div>\t\t\t\t<\/div>\n\t\t\t\t\t\t\t<\/div>\n\t\t\t\t<\/div>\n\t\t\t\t\t\t\t\t<\/div>\n\t\t\t\t<\/div>\n\t\t\t\t\t<\/div>\n\t\t<\/div>\n\t\t\t\t\t<\/div>\n\t\t<\/section>\n\t\t\t\t<section class=\"elementor-section elementor-top-section elementor-element elementor-element-77539af elementor-section-boxed elementor-section-height-default elementor-section-height-default\" data-id=\"77539af\" data-element_type=\"section\" data-e-type=\"section\" data-settings=\"{&quot;background_background&quot;:&quot;classic&quot;}\">\n\t\t\t\t\t\t<div class=\"elementor-container elementor-column-gap-default\">\n\t\t\t\t\t<div class=\"elementor-column elementor-col-50 elementor-top-column elementor-element elementor-element-1744a44\" data-id=\"1744a44\" data-element_type=\"column\" data-e-type=\"column\">\n\t\t\t<div class=\"elementor-widget-wrap elementor-element-populated\">\n\t\t\t\t\t\t<div class=\"elementor-element elementor-element-14f3ec7 elementor-align-left elementor-widget elementor-widget-breadcrumbs\" data-id=\"14f3ec7\" data-element_type=\"widget\" data-e-type=\"widget\" data-widget_type=\"breadcrumbs.default\">\n\t\t\t\t<div class=\"elementor-widget-container\">\n\t\t\t\t\t<p id=\"breadcrumbs\"><span><span><a href=\"https:\/\/www.mpcmeccanica.it\/\">Home<\/a><\/span><\/span><\/p>\t\t\t\t<\/div>\n\t\t\t\t<\/div>\n\t\t\t\t\t<\/div>\n\t\t<\/div>\n\t\t\t\t<div class=\"elementor-column elementor-col-50 elementor-top-column elementor-element elementor-element-24adae1 elementor-hidden-phone\" data-id=\"24adae1\" data-element_type=\"column\" data-e-type=\"column\">\n\t\t\t<div class=\"elementor-widget-wrap elementor-element-populated\">\n\t\t\t\t\t\t<div class=\"elementor-element elementor-element-4cbf29c elementor-nav-menu__align-end elementor-nav-menu--dropdown-none elementor-widget elementor-widget-nav-menu\" data-id=\"4cbf29c\" data-element_type=\"widget\" data-e-type=\"widget\" data-settings=\"{&quot;submenu_icon&quot;:{&quot;value&quot;:&quot;&lt;i class=\\&quot;\\&quot; aria-hidden=\\&quot;true\\&quot;&gt;&lt;\\\/i&gt;&quot;,&quot;library&quot;:&quot;&quot;},&quot;layout&quot;:&quot;horizontal&quot;}\" data-widget_type=\"nav-menu.default\">\n\t\t\t\t<div class=\"elementor-widget-container\">\n\t\t\t\t\t\t\t\t<nav aria-label=\"Menu\" class=\"elementor-nav-menu--main elementor-nav-menu__container elementor-nav-menu--layout-horizontal e--pointer-background e--animation-fade\">\n\t\t\t\t<ul id=\"menu-1-4cbf29c\" class=\"elementor-nav-menu\"><li class=\"menu-item menu-item-type-post_type menu-item-object-page menu-item-1372\"><a href=\"https:\/\/www.mpcmeccanica.it\/fr\/technologie\/\" class=\"elementor-item\">Technologie<\/a><\/li>\n<li class=\"menu-item menu-item-type-post_type menu-item-object-page menu-item-1371\"><a href=\"https:\/\/www.mpcmeccanica.it\/fr\/materiaux\/\" class=\"elementor-item\">Mat\u00e9riaux<\/a><\/li>\n<li class=\"menu-item menu-item-type-post_type menu-item-object-page menu-item-1370\"><a href=\"https:\/\/www.mpcmeccanica.it\/fr\/qualite\/\" class=\"elementor-item\">Qualit\u00e9<\/a><\/li>\n<\/ul>\t\t\t<\/nav>\n\t\t\t\t\t\t<nav class=\"elementor-nav-menu--dropdown elementor-nav-menu__container\" aria-hidden=\"true\">\n\t\t\t\t<ul id=\"menu-2-4cbf29c\" class=\"elementor-nav-menu\"><li class=\"menu-item menu-item-type-post_type menu-item-object-page menu-item-1372\"><a href=\"https:\/\/www.mpcmeccanica.it\/fr\/technologie\/\" class=\"elementor-item\" tabindex=\"-1\">Technologie<\/a><\/li>\n<li class=\"menu-item menu-item-type-post_type menu-item-object-page menu-item-1371\"><a href=\"https:\/\/www.mpcmeccanica.it\/fr\/materiaux\/\" class=\"elementor-item\" tabindex=\"-1\">Mat\u00e9riaux<\/a><\/li>\n<li class=\"menu-item menu-item-type-post_type menu-item-object-page menu-item-1370\"><a href=\"https:\/\/www.mpcmeccanica.it\/fr\/qualite\/\" class=\"elementor-item\" tabindex=\"-1\">Qualit\u00e9<\/a><\/li>\n<\/ul>\t\t\t<\/nav>\n\t\t\t\t\t\t<\/div>\n\t\t\t\t<\/div>\n\t\t\t\t\t<\/div>\n\t\t<\/div>\n\t\t\t\t\t<\/div>\n\t\t<\/section>\n\t\t\t\t<section class=\"elementor-section elementor-top-section elementor-element elementor-element-148a8d5e elementor-section-boxed elementor-section-height-default elementor-section-height-default\" data-id=\"148a8d5e\" data-element_type=\"section\" data-e-type=\"section\" data-settings=\"{&quot;background_background&quot;:&quot;classic&quot;}\">\n\t\t\t\t\t\t<div class=\"elementor-container elementor-column-gap-default\">\n\t\t\t\t\t<div class=\"elementor-column elementor-col-50 elementor-top-column elementor-element elementor-element-3cb6d118\" data-id=\"3cb6d118\" data-element_type=\"column\" data-e-type=\"column\">\n\t\t\t<div class=\"elementor-widget-wrap elementor-element-populated\">\n\t\t\t\t\t\t<div class=\"elementor-element elementor-element-7149845 elementor-widget elementor-widget-heading\" data-id=\"7149845\" data-element_type=\"widget\" data-e-type=\"widget\" data-widget_type=\"heading.default\">\n\t\t\t\t<div class=\"elementor-widget-container\">\n\t\t\t\t\t<h3 class=\"elementor-heading-title elementor-size-default\">Nouveaut\u00e9s<\/h3>\t\t\t\t<\/div>\n\t\t\t\t<\/div>\n\t\t\t\t<div class=\"elementor-element elementor-element-2f06ae7c elementor-grid-2 elementor-grid-tablet-1 elementor-grid-mobile-1 elementor-posts--thumbnail-top elementor-widget elementor-widget-posts\" data-id=\"2f06ae7c\" data-element_type=\"widget\" data-e-type=\"widget\" data-settings=\"{&quot;classic_columns&quot;:&quot;2&quot;,&quot;classic_row_gap&quot;:{&quot;unit&quot;:&quot;px&quot;,&quot;size&quot;:30,&quot;sizes&quot;:[]},&quot;classic_columns_tablet&quot;:&quot;1&quot;,&quot;classic_columns_mobile&quot;:&quot;1&quot;,&quot;classic_row_gap_tablet&quot;:{&quot;unit&quot;:&quot;px&quot;,&quot;size&quot;:&quot;&quot;,&quot;sizes&quot;:[]},&quot;classic_row_gap_mobile&quot;:{&quot;unit&quot;:&quot;px&quot;,&quot;size&quot;:&quot;&quot;,&quot;sizes&quot;:[]}}\" data-widget_type=\"posts.classic\">\n\t\t\t\t<div class=\"elementor-widget-container\">\n\t\t\t\t\t\t\t<div class=\"elementor-posts-container elementor-posts elementor-posts--skin-classic elementor-grid\" role=\"list\">\n\t\t\t\t<article class=\"elementor-post elementor-grid-item post-1161 post type-post status-publish format-standard has-post-thumbnail hentry category-news-fr\" role=\"listitem\">\n\t\t\t\t<a class=\"elementor-post__thumbnail__link\" href=\"https:\/\/www.mpcmeccanica.it\/fr\/news-fr\/le-nouvel-etablissement-de-production-un-projet-ambitieux\/\" tabindex=\"-1\" >\n\t\t\t<div class=\"elementor-post__thumbnail\"><img fetchpriority=\"high\" decoding=\"async\" width=\"1024\" height=\"614\" src=\"https:\/\/www.mpcmeccanica.it\/wp-content\/uploads\/2020\/06\/nuovo-capannone-mpc-meccanica-1024x614.png\" class=\"attachment-large size-large wp-image-1165\" alt=\"\" srcset=\"https:\/\/www.mpcmeccanica.it\/wp-content\/uploads\/2020\/06\/nuovo-capannone-mpc-meccanica-1024x614.png 1024w, https:\/\/www.mpcmeccanica.it\/wp-content\/uploads\/2020\/06\/nuovo-capannone-mpc-meccanica-300x180.png 300w, https:\/\/www.mpcmeccanica.it\/wp-content\/uploads\/2020\/06\/nuovo-capannone-mpc-meccanica-768x461.png 768w, https:\/\/www.mpcmeccanica.it\/wp-content\/uploads\/2020\/06\/nuovo-capannone-mpc-meccanica-1536x921.png 1536w, https:\/\/www.mpcmeccanica.it\/wp-content\/uploads\/2020\/06\/nuovo-capannone-mpc-meccanica.png 1969w\" sizes=\"(max-width: 1024px) 100vw, 1024px\" \/><\/div>\n\t\t<\/a>\n\t\t\t\t<div class=\"elementor-post__text\">\n\t\t\t\t<h3 class=\"elementor-post__title\">\n\t\t\t<a href=\"https:\/\/www.mpcmeccanica.it\/fr\/news-fr\/le-nouvel-etablissement-de-production-un-projet-ambitieux\/\" >\n\t\t\t\tLe nouvel \u00e9tablissement de production: un projet ambitieux\t\t\t<\/a>\n\t\t<\/h3>\n\t\t\t\t<div class=\"elementor-post__meta-data\">\n\t\t\t\t\t<span class=\"elementor-post-date\">\n\t\t\t3 septembre 2020\t\t<\/span>\n\t\t\t\t<\/div>\n\t\t\t\t<div class=\"elementor-post__excerpt\">\n\t\t\t<p>C\u2019est quand la partie devient difficile que les durs commencent \u00e0 jouer.Nous nous souviendrons de l\u2019ann\u00e9e 2020 comme de l\u2019ann\u00e9e des grands d\u00e9fis, une p\u00e9riode au cours de laquelle chacun d\u2019entre nous a d\u00fb s\u2019arr\u00eater pour faire le point et<\/p>\n\t\t<\/div>\n\t\t\n\t\t<a class=\"elementor-post__read-more\" href=\"https:\/\/www.mpcmeccanica.it\/fr\/news-fr\/le-nouvel-etablissement-de-production-un-projet-ambitieux\/\" aria-label=\"En savoir plus sur Le nouvel \u00e9tablissement de production: un projet ambitieux\" tabindex=\"-1\" >\n\t\t\tlire la suite \u00bb\t\t<\/a>\n\n\t\t\t\t<\/div>\n\t\t\t\t<\/article>\n\t\t\t\t<article class=\"elementor-post elementor-grid-item post-1160 post type-post status-publish format-standard has-post-thumbnail hentry category-news-fr\" role=\"listitem\">\n\t\t\t\t<a class=\"elementor-post__thumbnail__link\" href=\"https:\/\/www.mpcmeccanica.it\/fr\/news-fr\/limportance-de-savoir-se-communiquer\/\" tabindex=\"-1\" >\n\t\t\t<div class=\"elementor-post__thumbnail\"><img decoding=\"async\" width=\"1024\" height=\"614\" src=\"https:\/\/www.mpcmeccanica.it\/wp-content\/uploads\/2020\/06\/Sapersi-comunicare-news-1024x614.png\" class=\"attachment-large size-large wp-image-1163\" alt=\"\" srcset=\"https:\/\/www.mpcmeccanica.it\/wp-content\/uploads\/2020\/06\/Sapersi-comunicare-news-1024x614.png 1024w, https:\/\/www.mpcmeccanica.it\/wp-content\/uploads\/2020\/06\/Sapersi-comunicare-news-300x180.png 300w, https:\/\/www.mpcmeccanica.it\/wp-content\/uploads\/2020\/06\/Sapersi-comunicare-news-768x461.png 768w, https:\/\/www.mpcmeccanica.it\/wp-content\/uploads\/2020\/06\/Sapersi-comunicare-news-1536x921.png 1536w, https:\/\/www.mpcmeccanica.it\/wp-content\/uploads\/2020\/06\/Sapersi-comunicare-news.png 1969w\" sizes=\"(max-width: 1024px) 100vw, 1024px\" \/><\/div>\n\t\t<\/a>\n\t\t\t\t<div class=\"elementor-post__text\">\n\t\t\t\t<h3 class=\"elementor-post__title\">\n\t\t\t<a href=\"https:\/\/www.mpcmeccanica.it\/fr\/news-fr\/limportance-de-savoir-se-communiquer\/\" >\n\t\t\t\tL\u2019importance de savoir se communiquer\t\t\t<\/a>\n\t\t<\/h3>\n\t\t\t\t<div class=\"elementor-post__meta-data\">\n\t\t\t\t\t<span class=\"elementor-post-date\">\n\t\t\t3 septembre 2020\t\t<\/span>\n\t\t\t\t<\/div>\n\t\t\t\t<div class=\"elementor-post__excerpt\">\n\t\t\t<p>La construction d\u2019une image d\u2019entreprise solide et d\u2019une r\u00e9putation positive est un processus complexe fait de coh\u00e9rence et de constance dans le temps. Il ne s\u2019agit pas d\u2019une m\u00e9daille que l\u2019on re\u00e7oit une fois comme un prix et qui vaut<\/p>\n\t\t<\/div>\n\t\t\n\t\t<a class=\"elementor-post__read-more\" href=\"https:\/\/www.mpcmeccanica.it\/fr\/news-fr\/limportance-de-savoir-se-communiquer\/\" aria-label=\"En savoir plus sur L\u2019importance de savoir se communiquer\" tabindex=\"-1\" >\n\t\t\tlire la suite \u00bb\t\t<\/a>\n\n\t\t\t\t<\/div>\n\t\t\t\t<\/article>\n\t\t\t\t<\/div>\n\t\t\n\t\t\t\t\t\t<\/div>\n\t\t\t\t<\/div>\n\t\t\t\t\t<\/div>\n\t\t<\/div>\n\t\t\t\t<div class=\"elementor-column elementor-col-50 elementor-top-column elementor-element elementor-element-957703b\" data-id=\"957703b\" data-element_type=\"column\" data-e-type=\"column\">\n\t\t\t<div class=\"elementor-widget-wrap elementor-element-populated\">\n\t\t\t\t\t\t<div class=\"elementor-element elementor-element-7561d6c elementor-widget elementor-widget-facebook-page\" data-id=\"7561d6c\" data-element_type=\"widget\" data-e-type=\"widget\" data-widget_type=\"facebook-page.default\">\n\t\t\t\t<div class=\"elementor-widget-container\">\n\t\t\t\t\t<div class=\"elementor-facebook-widget fb-page\" data-href=\"https:\/\/www.facebook.com\/MPCmeccanica\" data-tabs=\"timeline\" data-height=\"430px\" data-width=\"500px\" data-small-header=\"false\" data-hide-cover=\"false\" data-show-facepile=\"true\" data-hide-cta=\"false\" style=\"min-height: 1px;height:430px\"><\/div>\t\t\t\t<\/div>\n\t\t\t\t<\/div>\n\t\t\t\t\t<\/div>\n\t\t<\/div>\n\t\t\t\t\t<\/div>\n\t\t<\/section>\n\t\t\t\t<section class=\"elementor-section elementor-top-section elementor-element elementor-element-e641f44 elementor-section-boxed elementor-section-height-default elementor-section-height-default\" data-id=\"e641f44\" data-element_type=\"section\" data-e-type=\"section\" data-settings=\"{&quot;background_background&quot;:&quot;classic&quot;}\">\n\t\t\t\t\t\t<div class=\"elementor-container elementor-column-gap-default\">\n\t\t\t\t\t<div class=\"elementor-column elementor-col-100 elementor-top-column elementor-element elementor-element-26d8890\" data-id=\"26d8890\" data-element_type=\"column\" data-e-type=\"column\">\n\t\t\t<div class=\"elementor-widget-wrap elementor-element-populated\">\n\t\t\t\t\t\t<div class=\"elementor-element elementor-element-67d6bba elementor-share-buttons--view-icon elementor-share-buttons--skin-flat elementor-share-buttons--shape-circle elementor-grid-0 elementor-share-buttons--color-official elementor-widget elementor-widget-share-buttons\" data-id=\"67d6bba\" data-element_type=\"widget\" data-e-type=\"widget\" data-widget_type=\"share-buttons.default\">\n\t\t\t\t<div class=\"elementor-widget-container\">\n\t\t\t\t\t\t\t<div class=\"elementor-grid\" role=\"list\">\n\t\t\t\t\t\t\t\t<div class=\"elementor-grid-item\" role=\"listitem\">\n\t\t\t\t\t\t<div class=\"elementor-share-btn elementor-share-btn_facebook\" role=\"button\" tabindex=\"0\" aria-label=\"Partager sur facebook\">\n\t\t\t\t\t\t\t\t\t\t\t\t\t\t\t<span class=\"elementor-share-btn__icon\">\n\t\t\t\t\t\t\t\t<i class=\"fab fa-facebook\" aria-hidden=\"true\"><\/i>\t\t\t\t\t\t\t<\/span>\n\t\t\t\t\t\t\t\t\t\t\t\t\t\t\t\t\t\t\t\t<\/div>\n\t\t\t\t\t<\/div>\n\t\t\t\t\t\t\t\t\t<div class=\"elementor-grid-item\" role=\"listitem\">\n\t\t\t\t\t\t<div class=\"elementor-share-btn elementor-share-btn_twitter\" role=\"button\" tabindex=\"0\" aria-label=\"Partager sur twitter\">\n\t\t\t\t\t\t\t\t\t\t\t\t\t\t\t<span class=\"elementor-share-btn__icon\">\n\t\t\t\t\t\t\t\t<i class=\"fab fa-twitter\" aria-hidden=\"true\"><\/i>\t\t\t\t\t\t\t<\/span>\n\t\t\t\t\t\t\t\t\t\t\t\t\t\t\t\t\t\t\t\t<\/div>\n\t\t\t\t\t<\/div>\n\t\t\t\t\t\t\t\t\t<div class=\"elementor-grid-item\" role=\"listitem\">\n\t\t\t\t\t\t<div class=\"elementor-share-btn elementor-share-btn_linkedin\" role=\"button\" tabindex=\"0\" aria-label=\"Partager sur linkedin\">\n\t\t\t\t\t\t\t\t\t\t\t\t\t\t\t<span class=\"elementor-share-btn__icon\">\n\t\t\t\t\t\t\t\t<i class=\"fab fa-linkedin\" aria-hidden=\"true\"><\/i>\t\t\t\t\t\t\t<\/span>\n\t\t\t\t\t\t\t\t\t\t\t\t\t\t\t\t\t\t\t\t<\/div>\n\t\t\t\t\t<\/div>\n\t\t\t\t\t\t<\/div>\n\t\t\t\t\t\t<\/div>\n\t\t\t\t<\/div>\n\t\t\t\t\t<\/div>\n\t\t<\/div>\n\t\t\t\t\t<\/div>\n\t\t<\/section>\n\t\t\t\t<section class=\"elementor-section elementor-top-section elementor-element elementor-element-433143f elementor-section-full_width elementor-section-height-default elementor-section-height-default\" data-id=\"433143f\" data-element_type=\"section\" data-e-type=\"section\" data-settings=\"{&quot;background_background&quot;:&quot;classic&quot;}\">\n\t\t\t\t\t\t\t<div class=\"elementor-background-overlay\"><\/div>\n\t\t\t\t\t\t\t<div class=\"elementor-container elementor-column-gap-default\">\n\t\t\t\t\t<div class=\"elementor-column elementor-col-100 elementor-top-column elementor-element elementor-element-7b5b74d\" data-id=\"7b5b74d\" data-element_type=\"column\" data-e-type=\"column\">\n\t\t\t<div class=\"elementor-widget-wrap elementor-element-populated\">\n\t\t\t\t\t\t<div class=\"elementor-element elementor-element-52b4063 elementor-widget elementor-widget-image\" data-id=\"52b4063\" data-element_type=\"widget\" data-e-type=\"widget\" data-widget_type=\"image.default\">\n\t\t\t\t<div class=\"elementor-widget-container\">\n\t\t\t\t\t\t\t\t\t\t\t\t\t\t\t<img decoding=\"async\" width=\"1024\" height=\"86\" src=\"https:\/\/www.mpcmeccanica.it\/wp-content\/uploads\/2020\/06\/claim-1024x86.png\" class=\"attachment-large size-large wp-image-1188\" alt=\"\" srcset=\"https:\/\/www.mpcmeccanica.it\/wp-content\/uploads\/2020\/06\/claim-1024x86.png 1024w, https:\/\/www.mpcmeccanica.it\/wp-content\/uploads\/2020\/06\/claim-300x25.png 300w, https:\/\/www.mpcmeccanica.it\/wp-content\/uploads\/2020\/06\/claim-768x64.png 768w, https:\/\/www.mpcmeccanica.it\/wp-content\/uploads\/2020\/06\/claim.png 1251w\" sizes=\"(max-width: 1024px) 100vw, 1024px\" \/>\t\t\t\t\t\t\t\t\t\t\t\t\t\t\t<\/div>\n\t\t\t\t<\/div>\n\t\t\t\t\t<\/div>\n\t\t<\/div>\n\t\t\t\t\t<\/div>\n\t\t<\/section>\n\t\t\t\t<\/div>\n\t\t","protected":false},"excerpt":{"rendered":"<p>\u00c9V\u00c9NEMENTS&#038;NOUVEAUT\u00c9S \u00c9V\u00c9NEMENTS&#038;NOUVEAUT\u00c9S Nouveaut\u00e9s<\/p>\n","protected":false},"author":1,"featured_media":0,"parent":0,"menu_order":0,"comment_status":"closed","ping_status":"closed","template":"elementor_header_footer","meta":{"footnotes":""},"class_list":["post-1219","page","type-page","status-publish","hentry"],"yoast_head":"<!-- This site is optimized with the Yoast SEO plugin v26.8 - https:\/\/yoast.com\/product\/yoast-seo-wordpress\/ -->\n<title>Nouveaut\u00e9s - MPC Meccanica<\/title>\n<meta name=\"robots\" content=\"index, follow, max-snippet:-1, max-image-preview:large, max-video-preview:-1\" \/>\n<link rel=\"canonical\" href=\"https:\/\/www.mpcmeccanica.it\/news\/\" \/>\n<meta property=\"og:locale\" content=\"fr_FR\" \/>\n<meta property=\"og:type\" content=\"article\" \/>\n<meta property=\"og:title\" content=\"Nouveaut\u00e9s - MPC Meccanica\" \/>\n<meta property=\"og:description\" content=\"\u00c9V\u00c9NEMENTS&#038;NOUVEAUT\u00c9S \u00c9V\u00c9NEMENTS&#038;NOUVEAUT\u00c9S Nouveaut\u00e9s\" \/>\n<meta property=\"og:url\" content=\"https:\/\/www.mpcmeccanica.it\/news\/\" \/>\n<meta property=\"og:site_name\" content=\"MPC Meccanica\" \/>\n<meta property=\"article:modified_time\" content=\"2023-07-31T07:46:50+00:00\" \/>\n<meta property=\"og:image\" content=\"https:\/\/www.mpcmeccanica.it\/wp-content\/uploads\/2020\/06\/claim-1024x86.png\" \/>\n<meta name=\"twitter:card\" content=\"summary_large_image\" \/>\n<script type=\"application\/ld+json\" class=\"yoast-schema-graph\">{\"@context\":\"https:\/\/schema.org\",\"@graph\":[{\"@type\":\"WebPage\",\"@id\":\"https:\/\/www.mpcmeccanica.it\/news\/\",\"url\":\"https:\/\/www.mpcmeccanica.it\/news\/\",\"name\":\"Nouveaut\u00e9s - MPC Meccanica\",\"isPartOf\":{\"@id\":\"https:\/\/www.mpcmeccanica.it\/#website\"},\"primaryImageOfPage\":{\"@id\":\"https:\/\/www.mpcmeccanica.it\/news\/#primaryimage\"},\"image\":{\"@id\":\"https:\/\/www.mpcmeccanica.it\/news\/#primaryimage\"},\"thumbnailUrl\":\"https:\/\/www.mpcmeccanica.it\/wp-content\/uploads\/2020\/06\/claim-1024x86.png\",\"datePublished\":\"2020-06-18T13:32:10+00:00\",\"dateModified\":\"2023-07-31T07:46:50+00:00\",\"breadcrumb\":{\"@id\":\"https:\/\/www.mpcmeccanica.it\/news\/#breadcrumb\"},\"inLanguage\":\"fr-FR\",\"potentialAction\":[{\"@type\":\"ReadAction\",\"target\":[\"https:\/\/www.mpcmeccanica.it\/news\/\"]}]},{\"@type\":\"ImageObject\",\"inLanguage\":\"fr-FR\",\"@id\":\"https:\/\/www.mpcmeccanica.it\/news\/#primaryimage\",\"url\":\"https:\/\/www.mpcmeccanica.it\/wp-content\/uploads\/2020\/06\/claim-1024x86.png\",\"contentUrl\":\"https:\/\/www.mpcmeccanica.it\/wp-content\/uploads\/2020\/06\/claim-1024x86.png\"},{\"@type\":\"BreadcrumbList\",\"@id\":\"https:\/\/www.mpcmeccanica.it\/news\/#breadcrumb\",\"itemListElement\":[{\"@type\":\"ListItem\",\"position\":1,\"name\":\"Home\",\"item\":\"https:\/\/www.mpcmeccanica.it\/\"},{\"@type\":\"ListItem\",\"position\":2,\"name\":\"Nouveaut\u00e9s\"}]},{\"@type\":\"WebSite\",\"@id\":\"https:\/\/www.mpcmeccanica.it\/#website\",\"url\":\"https:\/\/www.mpcmeccanica.it\/\",\"name\":\"MPC Meccanica\",\"description\":\"\",\"potentialAction\":[{\"@type\":\"SearchAction\",\"target\":{\"@type\":\"EntryPoint\",\"urlTemplate\":\"https:\/\/www.mpcmeccanica.it\/?s={search_term_string}\"},\"query-input\":{\"@type\":\"PropertyValueSpecification\",\"valueRequired\":true,\"valueName\":\"search_term_string\"}}],\"inLanguage\":\"fr-FR\"}]}<\/script>\n<!-- \/ Yoast SEO plugin. -->","yoast_head_json":{"title":"Nouveaut\u00e9s - MPC Meccanica","robots":{"index":"index","follow":"follow","max-snippet":"max-snippet:-1","max-image-preview":"max-image-preview:large","max-video-preview":"max-video-preview:-1"},"canonical":"https:\/\/www.mpcmeccanica.it\/news\/","og_locale":"fr_FR","og_type":"article","og_title":"Nouveaut\u00e9s - MPC Meccanica","og_description":"\u00c9V\u00c9NEMENTS&#038;NOUVEAUT\u00c9S \u00c9V\u00c9NEMENTS&#038;NOUVEAUT\u00c9S Nouveaut\u00e9s","og_url":"https:\/\/www.mpcmeccanica.it\/news\/","og_site_name":"MPC Meccanica","article_modified_time":"2023-07-31T07:46:50+00:00","og_image":[{"url":"https:\/\/www.mpcmeccanica.it\/wp-content\/uploads\/2020\/06\/claim-1024x86.png","type":"","width":"","height":""}],"twitter_card":"summary_large_image","schema":{"@context":"https:\/\/schema.org","@graph":[{"@type":"WebPage","@id":"https:\/\/www.mpcmeccanica.it\/news\/","url":"https:\/\/www.mpcmeccanica.it\/news\/","name":"Nouveaut\u00e9s - MPC Meccanica","isPartOf":{"@id":"https:\/\/www.mpcmeccanica.it\/#website"},"primaryImageOfPage":{"@id":"https:\/\/www.mpcmeccanica.it\/news\/#primaryimage"},"image":{"@id":"https:\/\/www.mpcmeccanica.it\/news\/#primaryimage"},"thumbnailUrl":"https:\/\/www.mpcmeccanica.it\/wp-content\/uploads\/2020\/06\/claim-1024x86.png","datePublished":"2020-06-18T13:32:10+00:00","dateModified":"2023-07-31T07:46:50+00:00","breadcrumb":{"@id":"https:\/\/www.mpcmeccanica.it\/news\/#breadcrumb"},"inLanguage":"fr-FR","potentialAction":[{"@type":"ReadAction","target":["https:\/\/www.mpcmeccanica.it\/news\/"]}]},{"@type":"ImageObject","inLanguage":"fr-FR","@id":"https:\/\/www.mpcmeccanica.it\/news\/#primaryimage","url":"https:\/\/www.mpcmeccanica.it\/wp-content\/uploads\/2020\/06\/claim-1024x86.png","contentUrl":"https:\/\/www.mpcmeccanica.it\/wp-content\/uploads\/2020\/06\/claim-1024x86.png"},{"@type":"BreadcrumbList","@id":"https:\/\/www.mpcmeccanica.it\/news\/#breadcrumb","itemListElement":[{"@type":"ListItem","position":1,"name":"Home","item":"https:\/\/www.mpcmeccanica.it\/"},{"@type":"ListItem","position":2,"name":"Nouveaut\u00e9s"}]},{"@type":"WebSite","@id":"https:\/\/www.mpcmeccanica.it\/#website","url":"https:\/\/www.mpcmeccanica.it\/","name":"MPC Meccanica","description":"","potentialAction":[{"@type":"SearchAction","target":{"@type":"EntryPoint","urlTemplate":"https:\/\/www.mpcmeccanica.it\/?s={search_term_string}"},"query-input":{"@type":"PropertyValueSpecification","valueRequired":true,"valueName":"search_term_string"}}],"inLanguage":"fr-FR"}]}},"_links":{"self":[{"href":"https:\/\/www.mpcmeccanica.it\/fr\/wp-json\/wp\/v2\/pages\/1219","targetHints":{"allow":["GET"]}}],"collection":[{"href":"https:\/\/www.mpcmeccanica.it\/fr\/wp-json\/wp\/v2\/pages"}],"about":[{"href":"https:\/\/www.mpcmeccanica.it\/fr\/wp-json\/wp\/v2\/types\/page"}],"author":[{"embeddable":true,"href":"https:\/\/www.mpcmeccanica.it\/fr\/wp-json\/wp\/v2\/users\/1"}],"replies":[{"embeddable":true,"href":"https:\/\/www.mpcmeccanica.it\/fr\/wp-json\/wp\/v2\/comments?post=1219"}],"version-history":[{"count":7,"href":"https:\/\/www.mpcmeccanica.it\/fr\/wp-json\/wp\/v2\/pages\/1219\/revisions"}],"predecessor-version":[{"id":1949,"href":"https:\/\/www.mpcmeccanica.it\/fr\/wp-json\/wp\/v2\/pages\/1219\/revisions\/1949"}],"wp:attachment":[{"href":"https:\/\/www.mpcmeccanica.it\/fr\/wp-json\/wp\/v2\/media?parent=1219"}],"curies":[{"name":"wp","href":"https:\/\/api.w.org\/{rel}","templated":true}]}}