{"id":612,"date":"2020-07-07T15:11:14","date_gmt":"2020-07-07T13:11:14","guid":{"rendered":"http:\/\/www.mpcmeccanica.it\/tecnologia-40\/"},"modified":"2020-09-20T17:20:58","modified_gmt":"2020-09-20T15:20:58","slug":"technologie-40","status":"publish","type":"page","link":"https:\/\/www.mpcmeccanica.it\/de\/technologie-40\/","title":{"rendered":"Technologie 4.0"},"content":{"rendered":"\t\t<div data-elementor-type=\"wp-page\" data-elementor-id=\"612\" class=\"elementor elementor-612 elementor-463\" data-elementor-post-type=\"page\">\n\t\t\t\t\t\t<section class=\"elementor-section elementor-top-section elementor-element elementor-element-d91aec6 elementor-section-height-min-height elementor-section-boxed elementor-section-height-default elementor-section-items-middle\" data-id=\"d91aec6\" data-element_type=\"section\" data-e-type=\"section\" data-settings=\"{&quot;background_background&quot;:&quot;classic&quot;}\">\n\t\t\t\t\t\t<div class=\"elementor-container elementor-column-gap-no\">\n\t\t\t\t\t<div class=\"elementor-column elementor-col-100 elementor-top-column elementor-element elementor-element-f58e119\" data-id=\"f58e119\" data-element_type=\"column\" data-e-type=\"column\" data-settings=\"{&quot;background_background&quot;:&quot;classic&quot;}\">\n\t\t\t<div class=\"elementor-widget-wrap elementor-element-populated\">\n\t\t\t\t\t\t<div class=\"elementor-element elementor-element-d5dce5c elementor--h-position-left elementor-arrows-position-outside elementor-hidden-phone elementor--v-position-middle elementor-pagination-position-inside elementor-widget elementor-widget-slides\" data-id=\"d5dce5c\" data-element_type=\"widget\" data-e-type=\"widget\" data-settings=\"{&quot;autoplay_speed&quot;:4000,&quot;transition&quot;:&quot;fade&quot;,&quot;navigation&quot;:&quot;both&quot;,&quot;autoplay&quot;:&quot;yes&quot;,&quot;infinite&quot;:&quot;yes&quot;,&quot;transition_speed&quot;:500}\" data-widget_type=\"slides.default\">\n\t\t\t\t<div class=\"elementor-widget-container\">\n\t\t\t\t\t\t\t\t\t<div class=\"elementor-swiper\">\n\t\t\t\t\t<div class=\"elementor-slides-wrapper elementor-main-swiper swiper\" role=\"region\" aria-roledescription=\"carousel\" aria-label=\"Slider\" dir=\"ltr\" data-animation=\"\">\n\t\t\t\t<div class=\"swiper-wrapper elementor-slides\">\n\t\t\t\t\t\t\t\t\t\t<div class=\"elementor-repeater-item-14b24eb swiper-slide\" role=\"group\" aria-roledescription=\"slide\"><div class=\"swiper-slide-bg\" role=\"img\" aria-label=\"MPC_visual_tecnologia_40\"><\/div><div class=\"swiper-slide-inner\" ><div class=\"swiper-slide-contents\"><div class=\"elementor-slide-heading\">DIE VIERTE <br>DIMENSION DER <br>VER\u00c4NDERUNG<\/div><\/div><\/div><\/div>\t\t\t\t<\/div>\n\t\t\t\t\t\t\t<\/div>\n\t\t\t\t<\/div>\n\t\t\t\t\t\t\t\t<\/div>\n\t\t\t\t<\/div>\n\t\t\t\t<div class=\"elementor-element elementor-element-99cbc4a elementor--h-position-left elementor-arrows-position-outside elementor-hidden-desktop elementor-hidden-tablet elementor--v-position-middle elementor-pagination-position-inside elementor-widget elementor-widget-slides\" data-id=\"99cbc4a\" data-element_type=\"widget\" data-e-type=\"widget\" data-settings=\"{&quot;autoplay_speed&quot;:4000,&quot;transition&quot;:&quot;fade&quot;,&quot;navigation&quot;:&quot;both&quot;,&quot;autoplay&quot;:&quot;yes&quot;,&quot;infinite&quot;:&quot;yes&quot;,&quot;transition_speed&quot;:500}\" data-widget_type=\"slides.default\">\n\t\t\t\t<div class=\"elementor-widget-container\">\n\t\t\t\t\t\t\t\t\t<div class=\"elementor-swiper\">\n\t\t\t\t\t<div class=\"elementor-slides-wrapper elementor-main-swiper swiper\" role=\"region\" aria-roledescription=\"carousel\" aria-label=\"Slider\" dir=\"ltr\" data-animation=\"\">\n\t\t\t\t<div class=\"swiper-wrapper elementor-slides\">\n\t\t\t\t\t\t\t\t\t\t<div class=\"elementor-repeater-item-14b24eb swiper-slide\" role=\"group\" aria-roledescription=\"slide\"><div class=\"swiper-slide-bg\"><\/div><div class=\"swiper-slide-inner\" ><div class=\"swiper-slide-contents\"><div class=\"elementor-slide-heading\">DIE VIERTE <br>DIMENSION DER <br>VER\u00c4NDERUNG<\/div><\/div><\/div><\/div>\t\t\t\t<\/div>\n\t\t\t\t\t\t\t<\/div>\n\t\t\t\t<\/div>\n\t\t\t\t\t\t\t\t<\/div>\n\t\t\t\t<\/div>\n\t\t\t\t\t<\/div>\n\t\t<\/div>\n\t\t\t\t\t<\/div>\n\t\t<\/section>\n\t\t\t\t<section class=\"elementor-section elementor-top-section elementor-element elementor-element-f6fac3b elementor-section-boxed elementor-section-height-default elementor-section-height-default\" data-id=\"f6fac3b\" data-element_type=\"section\" data-e-type=\"section\" data-settings=\"{&quot;background_background&quot;:&quot;classic&quot;}\">\n\t\t\t\t\t\t<div class=\"elementor-container elementor-column-gap-default\">\n\t\t\t\t\t<div class=\"elementor-column elementor-col-50 elementor-top-column elementor-element elementor-element-1a7c013\" data-id=\"1a7c013\" data-element_type=\"column\" data-e-type=\"column\">\n\t\t\t<div class=\"elementor-widget-wrap elementor-element-populated\">\n\t\t\t\t\t\t<div class=\"elementor-element elementor-element-431c964 elementor-align-left elementor-widget elementor-widget-breadcrumbs\" data-id=\"431c964\" data-element_type=\"widget\" data-e-type=\"widget\" data-widget_type=\"breadcrumbs.default\">\n\t\t\t\t<div class=\"elementor-widget-container\">\n\t\t\t\t\t<p id=\"breadcrumbs\"><span><span><a href=\"https:\/\/www.mpcmeccanica.it\/\">Home<\/a><\/span><\/span><\/p>\t\t\t\t<\/div>\n\t\t\t\t<\/div>\n\t\t\t\t\t<\/div>\n\t\t<\/div>\n\t\t\t\t<div class=\"elementor-column elementor-col-50 elementor-top-column elementor-element elementor-element-0735639 elementor-hidden-phone\" data-id=\"0735639\" data-element_type=\"column\" data-e-type=\"column\">\n\t\t\t<div class=\"elementor-widget-wrap elementor-element-populated\">\n\t\t\t\t\t\t<div class=\"elementor-element elementor-element-711059f elementor-nav-menu__align-end elementor-nav-menu--dropdown-none elementor-widget elementor-widget-nav-menu\" data-id=\"711059f\" data-element_type=\"widget\" data-e-type=\"widget\" data-settings=\"{&quot;submenu_icon&quot;:{&quot;value&quot;:&quot;&lt;i class=\\&quot;\\&quot; aria-hidden=\\&quot;true\\&quot;&gt;&lt;\\\/i&gt;&quot;,&quot;library&quot;:&quot;&quot;},&quot;layout&quot;:&quot;horizontal&quot;}\" data-widget_type=\"nav-menu.default\">\n\t\t\t\t<div class=\"elementor-widget-container\">\n\t\t\t\t\t\t\t\t<nav aria-label=\"Men\u00fc\" class=\"elementor-nav-menu--main elementor-nav-menu__container elementor-nav-menu--layout-horizontal e--pointer-background e--animation-fade\">\n\t\t\t\t<ul id=\"menu-1-711059f\" class=\"elementor-nav-menu\"><li class=\"menu-item menu-item-type-post_type menu-item-object-page menu-item-1436\"><a href=\"https:\/\/www.mpcmeccanica.it\/de\/technologie\/\" class=\"elementor-item\">Technologie<\/a><\/li>\n<li class=\"menu-item menu-item-type-post_type menu-item-object-page menu-item-1435\"><a href=\"https:\/\/www.mpcmeccanica.it\/de\/materialien\/\" class=\"elementor-item\">Materialien<\/a><\/li>\n<li class=\"menu-item menu-item-type-post_type menu-item-object-page menu-item-1434\"><a href=\"https:\/\/www.mpcmeccanica.it\/de\/qualitat\/\" class=\"elementor-item\">Qualit\u00e4t<\/a><\/li>\n<\/ul>\t\t\t<\/nav>\n\t\t\t\t\t\t<nav class=\"elementor-nav-menu--dropdown elementor-nav-menu__container\" aria-hidden=\"true\">\n\t\t\t\t<ul id=\"menu-2-711059f\" class=\"elementor-nav-menu\"><li class=\"menu-item menu-item-type-post_type menu-item-object-page menu-item-1436\"><a href=\"https:\/\/www.mpcmeccanica.it\/de\/technologie\/\" class=\"elementor-item\" tabindex=\"-1\">Technologie<\/a><\/li>\n<li class=\"menu-item menu-item-type-post_type menu-item-object-page menu-item-1435\"><a href=\"https:\/\/www.mpcmeccanica.it\/de\/materialien\/\" class=\"elementor-item\" tabindex=\"-1\">Materialien<\/a><\/li>\n<li class=\"menu-item menu-item-type-post_type menu-item-object-page menu-item-1434\"><a href=\"https:\/\/www.mpcmeccanica.it\/de\/qualitat\/\" class=\"elementor-item\" tabindex=\"-1\">Qualit\u00e4t<\/a><\/li>\n<\/ul>\t\t\t<\/nav>\n\t\t\t\t\t\t<\/div>\n\t\t\t\t<\/div>\n\t\t\t\t\t<\/div>\n\t\t<\/div>\n\t\t\t\t\t<\/div>\n\t\t<\/section>\n\t\t\t\t<section class=\"elementor-section elementor-top-section elementor-element elementor-element-60a4d7c elementor-section-boxed elementor-section-height-default elementor-section-height-default\" data-id=\"60a4d7c\" data-element_type=\"section\" data-e-type=\"section\" data-settings=\"{&quot;background_background&quot;:&quot;classic&quot;}\">\n\t\t\t\t\t\t<div class=\"elementor-container elementor-column-gap-default\">\n\t\t\t\t\t<div class=\"elementor-column elementor-col-100 elementor-top-column elementor-element elementor-element-5504348\" data-id=\"5504348\" data-element_type=\"column\" data-e-type=\"column\">\n\t\t\t<div class=\"elementor-widget-wrap elementor-element-populated\">\n\t\t\t\t\t\t<div class=\"elementor-element elementor-element-15faefb elementor-align-left elementor-widget elementor-widget-button\" data-id=\"15faefb\" data-element_type=\"widget\" data-e-type=\"widget\" data-widget_type=\"button.default\">\n\t\t\t\t<div class=\"elementor-widget-container\">\n\t\t\t\t\t\t\t\t\t<div class=\"elementor-button-wrapper\">\n\t\t\t\t\t<a class=\"elementor-button elementor-size-xs\" role=\"button\">\n\t\t\t\t\t\t<span class=\"elementor-button-content-wrapper\">\n\t\t\t\t\t\t\t\t\t<span class=\"elementor-button-text\">TECHNOLOGIE 4.0<\/span>\n\t\t\t\t\t<\/span>\n\t\t\t\t\t<\/a>\n\t\t\t\t<\/div>\n\t\t\t\t\t\t\t\t<\/div>\n\t\t\t\t<\/div>\n\t\t\t\t<div class=\"elementor-element elementor-element-81f7b3c elementor-widget elementor-widget-heading\" data-id=\"81f7b3c\" data-element_type=\"widget\" data-e-type=\"widget\" data-widget_type=\"heading.default\">\n\t\t\t\t<div class=\"elementor-widget-container\">\n\t\t\t\t\t<h3 class=\"elementor-heading-title elementor-size-default\">Die vierte industrielle Revolution<\/h3>\t\t\t\t<\/div>\n\t\t\t\t<\/div>\n\t\t\t\t<div class=\"elementor-element elementor-element-9430f38 elementor-widget elementor-widget-heading\" data-id=\"9430f38\" data-element_type=\"widget\" data-e-type=\"widget\" data-widget_type=\"heading.default\">\n\t\t\t\t<div class=\"elementor-widget-container\">\n\t\t\t\t\t<p class=\"elementor-heading-title elementor-size-default\">Wir m\u00f6chten Teil der Ver\u00e4nderung sein<\/p>\t\t\t\t<\/div>\n\t\t\t\t<\/div>\n\t\t\t\t\t<\/div>\n\t\t<\/div>\n\t\t\t\t\t<\/div>\n\t\t<\/section>\n\t\t\t\t<section class=\"elementor-section elementor-top-section elementor-element elementor-element-9fec0c0 elementor-section-boxed elementor-section-height-default elementor-section-height-default\" data-id=\"9fec0c0\" data-element_type=\"section\" data-e-type=\"section\" data-settings=\"{&quot;background_background&quot;:&quot;classic&quot;}\">\n\t\t\t\t\t\t<div class=\"elementor-container elementor-column-gap-default\">\n\t\t\t\t\t<div class=\"elementor-column elementor-col-50 elementor-top-column elementor-element elementor-element-80f336d\" data-id=\"80f336d\" data-element_type=\"column\" data-e-type=\"column\">\n\t\t\t<div class=\"elementor-widget-wrap elementor-element-populated\">\n\t\t\t\t\t\t<div class=\"elementor-element elementor-element-dbc0a12 elementor-widget elementor-widget-text-editor\" data-id=\"dbc0a12\" data-element_type=\"widget\" data-e-type=\"widget\" data-widget_type=\"text-editor.default\">\n\t\t\t\t<div class=\"elementor-widget-container\">\n\t\t\t\t\t\t\t\t\t<p>Als im September 2016, der Nationale Industrieplan 4.0 vorgestellt wurde, hat man in Italien sehr viel dar\u00fcber gesprochen. Seitdem wurde viel getan und das gemeinsame Schl\u00fcsselwort ist Verkn\u00fcpfung, was als vollst\u00e4ndige Kontrolle des Produktionszyklus und Gesamt\u00fcbersicht verstanden wird. Die 4.0-Technologie ist zu einem festen Bestandteil des Alltags bei MPC Feinmechanik geworden. Unser Unternehmen verf\u00fcgt seit 2014 \u00fcber ein Softwaresystem, womit die Arbeitsauftr\u00e4ge der Kunden analysiert und verwaltet werden. Dar\u00fcber hinaus steht neben jeder Maschine im gesamten Unternehmen ein individuelles EDV-System (PC), sodass jeder Bediener selbstst\u00e4ndig \u00fcber alle Informationen verf\u00fcgen kann, die zur Erf\u00fcllung seiner Aufgaben erforderlich sind.<\/p><p>Die Kontrolle der einzelnen Bestellungen erm\u00f6glicht es uns, \u00fcber das automatische Warenlager, die Verbrauchsmaterialien zu verwalten, die jeder Bestellung genau zugewiesen werden. Wir sind davon \u00fcberzeugt, dass heute Industrie 4.0 den in den vergangenen Jahren begonnenen Prozess vollst\u00e4ndig beschleunigt hat.<\/p>\t\t\t\t\t\t\t\t<\/div>\n\t\t\t\t<\/div>\n\t\t\t\t\t<\/div>\n\t\t<\/div>\n\t\t\t\t<div class=\"elementor-column elementor-col-50 elementor-top-column elementor-element elementor-element-e7840be\" data-id=\"e7840be\" data-element_type=\"column\" data-e-type=\"column\">\n\t\t\t<div class=\"elementor-widget-wrap elementor-element-populated\">\n\t\t\t\t\t\t<div class=\"elementor-element elementor-element-51bfa53 elementor-widget elementor-widget-image\" data-id=\"51bfa53\" data-element_type=\"widget\" data-e-type=\"widget\" data-widget_type=\"image.default\">\n\t\t\t\t<div class=\"elementor-widget-container\">\n\t\t\t\t\t\t\t\t\t\t\t\t\t\t\t<img fetchpriority=\"high\" decoding=\"async\" width=\"719\" height=\"800\" src=\"https:\/\/www.mpcmeccanica.it\/wp-content\/uploads\/2020\/08\/mpc_tec_40.jpg\" class=\"attachment-large size-large wp-image-1055\" alt=\"\" srcset=\"https:\/\/www.mpcmeccanica.it\/wp-content\/uploads\/2020\/08\/mpc_tec_40.jpg 719w, https:\/\/www.mpcmeccanica.it\/wp-content\/uploads\/2020\/08\/mpc_tec_40-270x300.jpg 270w\" sizes=\"(max-width: 719px) 100vw, 719px\" \/>\t\t\t\t\t\t\t\t\t\t\t\t\t\t\t<\/div>\n\t\t\t\t<\/div>\n\t\t\t\t\t<\/div>\n\t\t<\/div>\n\t\t\t\t\t<\/div>\n\t\t<\/section>\n\t\t\t\t<section class=\"elementor-section elementor-top-section elementor-element elementor-element-62d66de elementor-section-boxed elementor-section-height-default elementor-section-height-default\" data-id=\"62d66de\" data-element_type=\"section\" data-e-type=\"section\" data-settings=\"{&quot;background_background&quot;:&quot;classic&quot;}\">\n\t\t\t\t\t\t<div class=\"elementor-container elementor-column-gap-default\">\n\t\t\t\t\t<div class=\"elementor-column elementor-col-100 elementor-top-column elementor-element elementor-element-ac40c19\" data-id=\"ac40c19\" data-element_type=\"column\" data-e-type=\"column\">\n\t\t\t<div class=\"elementor-widget-wrap elementor-element-populated\">\n\t\t\t\t\t\t<div class=\"elementor-element elementor-element-4eeddee elementor-share-buttons--view-icon elementor-share-buttons--skin-flat elementor-share-buttons--shape-circle elementor-grid-0 elementor-share-buttons--color-official elementor-widget elementor-widget-share-buttons\" data-id=\"4eeddee\" data-element_type=\"widget\" data-e-type=\"widget\" data-widget_type=\"share-buttons.default\">\n\t\t\t\t<div class=\"elementor-widget-container\">\n\t\t\t\t\t\t\t<div class=\"elementor-grid\" role=\"list\">\n\t\t\t\t\t\t\t\t<div class=\"elementor-grid-item\" role=\"listitem\">\n\t\t\t\t\t\t<div class=\"elementor-share-btn elementor-share-btn_facebook\" role=\"button\" tabindex=\"0\" aria-label=\"Teilen auf facebook\">\n\t\t\t\t\t\t\t\t\t\t\t\t\t\t\t<span class=\"elementor-share-btn__icon\">\n\t\t\t\t\t\t\t\t<i class=\"fab fa-facebook\" aria-hidden=\"true\"><\/i>\t\t\t\t\t\t\t<\/span>\n\t\t\t\t\t\t\t\t\t\t\t\t\t\t\t\t\t\t\t\t<\/div>\n\t\t\t\t\t<\/div>\n\t\t\t\t\t\t\t\t\t<div class=\"elementor-grid-item\" role=\"listitem\">\n\t\t\t\t\t\t<div class=\"elementor-share-btn elementor-share-btn_twitter\" role=\"button\" tabindex=\"0\" aria-label=\"Teilen auf twitter\">\n\t\t\t\t\t\t\t\t\t\t\t\t\t\t\t<span class=\"elementor-share-btn__icon\">\n\t\t\t\t\t\t\t\t<i class=\"fab fa-twitter\" aria-hidden=\"true\"><\/i>\t\t\t\t\t\t\t<\/span>\n\t\t\t\t\t\t\t\t\t\t\t\t\t\t\t\t\t\t\t\t<\/div>\n\t\t\t\t\t<\/div>\n\t\t\t\t\t\t\t\t\t<div class=\"elementor-grid-item\" role=\"listitem\">\n\t\t\t\t\t\t<div class=\"elementor-share-btn elementor-share-btn_linkedin\" role=\"button\" tabindex=\"0\" aria-label=\"Teilen auf linkedin\">\n\t\t\t\t\t\t\t\t\t\t\t\t\t\t\t<span class=\"elementor-share-btn__icon\">\n\t\t\t\t\t\t\t\t<i class=\"fab fa-linkedin\" aria-hidden=\"true\"><\/i>\t\t\t\t\t\t\t<\/span>\n\t\t\t\t\t\t\t\t\t\t\t\t\t\t\t\t\t\t\t\t<\/div>\n\t\t\t\t\t<\/div>\n\t\t\t\t\t\t<\/div>\n\t\t\t\t\t\t<\/div>\n\t\t\t\t<\/div>\n\t\t\t\t\t<\/div>\n\t\t<\/div>\n\t\t\t\t\t<\/div>\n\t\t<\/section>\n\t\t\t\t<section class=\"elementor-section elementor-top-section elementor-element elementor-element-a835c53 elementor-section-full_width elementor-section-height-default elementor-section-height-default\" data-id=\"a835c53\" data-element_type=\"section\" data-e-type=\"section\" data-settings=\"{&quot;background_background&quot;:&quot;classic&quot;}\">\n\t\t\t\t\t\t\t<div class=\"elementor-background-overlay\"><\/div>\n\t\t\t\t\t\t\t<div class=\"elementor-container elementor-column-gap-default\">\n\t\t\t\t\t<div class=\"elementor-column elementor-col-100 elementor-top-column elementor-element elementor-element-b34ac98\" data-id=\"b34ac98\" data-element_type=\"column\" data-e-type=\"column\">\n\t\t\t<div class=\"elementor-widget-wrap elementor-element-populated\">\n\t\t\t\t\t\t<div class=\"elementor-element elementor-element-6bd4e52 elementor-widget elementor-widget-image\" data-id=\"6bd4e52\" data-element_type=\"widget\" data-e-type=\"widget\" data-widget_type=\"image.default\">\n\t\t\t\t<div class=\"elementor-widget-container\">\n\t\t\t\t\t\t\t\t\t\t\t\t\t\t\t<img decoding=\"async\" width=\"1024\" height=\"86\" src=\"https:\/\/www.mpcmeccanica.it\/wp-content\/uploads\/2020\/06\/claim-1024x86.png\" class=\"attachment-large size-large wp-image-560\" alt=\"\" srcset=\"https:\/\/www.mpcmeccanica.it\/wp-content\/uploads\/2020\/06\/claim-1024x86.png 1024w, https:\/\/www.mpcmeccanica.it\/wp-content\/uploads\/2020\/06\/claim-300x25.png 300w, https:\/\/www.mpcmeccanica.it\/wp-content\/uploads\/2020\/06\/claim-768x64.png 768w, https:\/\/www.mpcmeccanica.it\/wp-content\/uploads\/2020\/06\/claim.png 1251w\" sizes=\"(max-width: 1024px) 100vw, 1024px\" \/>\t\t\t\t\t\t\t\t\t\t\t\t\t\t\t<\/div>\n\t\t\t\t<\/div>\n\t\t\t\t\t<\/div>\n\t\t<\/div>\n\t\t\t\t\t<\/div>\n\t\t<\/section>\n\t\t\t\t<\/div>\n\t\t","protected":false},"excerpt":{"rendered":"<p>DIE VIERTE DIMENSION DER VER\u00c4NDERUNG DIE VIERTE DIMENSION DER VER\u00c4NDERUNG TECHNOLOGIE 4.0 Die vierte industrielle Revolution Wir m\u00f6chten Teil der Ver\u00e4nderung sein Als im September 2016, der Nationale Industrieplan 4.0 vorgestellt wurde, hat man in Italien sehr viel dar\u00fcber gesprochen. Seitdem wurde viel getan und das gemeinsame Schl\u00fcsselwort ist Verkn\u00fcpfung, was als vollst\u00e4ndige Kontrolle des &#8230; <a title=\"Technologie 4.0\" class=\"read-more\" href=\"https:\/\/www.mpcmeccanica.it\/de\/technologie-40\/\" aria-label=\"Mehr Informationen \u00fcber Technologie 4.0\">Weiterlesen<\/a><\/p>\n","protected":false},"author":2,"featured_media":0,"parent":0,"menu_order":0,"comment_status":"closed","ping_status":"closed","template":"elementor_header_footer","meta":{"footnotes":""},"class_list":["post-612","page","type-page","status-publish"],"yoast_head":"<!-- This site is optimized with the Yoast SEO plugin v26.8 - https:\/\/yoast.com\/product\/yoast-seo-wordpress\/ -->\n<title>Technologie 4.0 - MPC Meccanica<\/title>\n<meta name=\"robots\" content=\"index, follow, max-snippet:-1, max-image-preview:large, max-video-preview:-1\" \/>\n<link rel=\"canonical\" href=\"https:\/\/www.mpcmeccanica.it\/de\/technologie-40\/\" \/>\n<meta property=\"og:locale\" content=\"de_DE\" \/>\n<meta property=\"og:type\" content=\"article\" \/>\n<meta property=\"og:title\" content=\"Technologie 4.0 - MPC Meccanica\" \/>\n<meta property=\"og:description\" content=\"DIE VIERTE DIMENSION DER VER\u00c4NDERUNG DIE VIERTE DIMENSION DER VER\u00c4NDERUNG TECHNOLOGIE 4.0 Die vierte industrielle Revolution Wir m\u00f6chten Teil der Ver\u00e4nderung sein Als im September 2016, der Nationale Industrieplan 4.0 vorgestellt wurde, hat man in Italien sehr viel dar\u00fcber gesprochen. Seitdem wurde viel getan und das gemeinsame Schl\u00fcsselwort ist Verkn\u00fcpfung, was als vollst\u00e4ndige Kontrolle des ... Weiterlesen\" \/>\n<meta property=\"og:url\" content=\"https:\/\/www.mpcmeccanica.it\/de\/technologie-40\/\" \/>\n<meta property=\"og:site_name\" content=\"MPC Meccanica\" \/>\n<meta property=\"article:modified_time\" content=\"2020-09-20T15:20:58+00:00\" \/>\n<meta property=\"og:image\" content=\"https:\/\/www.mpcmeccanica.it\/wp-content\/uploads\/2020\/08\/mpc_tec_40.jpg\" \/>\n<meta name=\"twitter:card\" content=\"summary_large_image\" \/>\n<meta name=\"twitter:label1\" content=\"Gesch\u00e4tzte Lesezeit\" \/>\n\t<meta name=\"twitter:data1\" content=\"1\u00a0Minute\" \/>\n<script type=\"application\/ld+json\" class=\"yoast-schema-graph\">{\"@context\":\"https:\/\/schema.org\",\"@graph\":[{\"@type\":\"WebPage\",\"@id\":\"https:\/\/www.mpcmeccanica.it\/de\/technologie-40\/\",\"url\":\"https:\/\/www.mpcmeccanica.it\/de\/technologie-40\/\",\"name\":\"Technologie 4.0 - MPC Meccanica\",\"isPartOf\":{\"@id\":\"https:\/\/www.mpcmeccanica.it\/#website\"},\"primaryImageOfPage\":{\"@id\":\"https:\/\/www.mpcmeccanica.it\/de\/technologie-40\/#primaryimage\"},\"image\":{\"@id\":\"https:\/\/www.mpcmeccanica.it\/de\/technologie-40\/#primaryimage\"},\"thumbnailUrl\":\"https:\/\/www.mpcmeccanica.it\/wp-content\/uploads\/2020\/08\/mpc_tec_40.jpg\",\"datePublished\":\"2020-07-07T13:11:14+00:00\",\"dateModified\":\"2020-09-20T15:20:58+00:00\",\"breadcrumb\":{\"@id\":\"https:\/\/www.mpcmeccanica.it\/de\/technologie-40\/#breadcrumb\"},\"inLanguage\":\"de\",\"potentialAction\":[{\"@type\":\"ReadAction\",\"target\":[\"https:\/\/www.mpcmeccanica.it\/de\/technologie-40\/\"]}]},{\"@type\":\"ImageObject\",\"inLanguage\":\"de\",\"@id\":\"https:\/\/www.mpcmeccanica.it\/de\/technologie-40\/#primaryimage\",\"url\":\"https:\/\/www.mpcmeccanica.it\/wp-content\/uploads\/2020\/08\/mpc_tec_40.jpg\",\"contentUrl\":\"https:\/\/www.mpcmeccanica.it\/wp-content\/uploads\/2020\/08\/mpc_tec_40.jpg\"},{\"@type\":\"BreadcrumbList\",\"@id\":\"https:\/\/www.mpcmeccanica.it\/de\/technologie-40\/#breadcrumb\",\"itemListElement\":[{\"@type\":\"ListItem\",\"position\":1,\"name\":\"Home\",\"item\":\"https:\/\/www.mpcmeccanica.it\/\"},{\"@type\":\"ListItem\",\"position\":2,\"name\":\"Technologie 4.0\"}]},{\"@type\":\"WebSite\",\"@id\":\"https:\/\/www.mpcmeccanica.it\/#website\",\"url\":\"https:\/\/www.mpcmeccanica.it\/\",\"name\":\"MPC Meccanica\",\"description\":\"\",\"potentialAction\":[{\"@type\":\"SearchAction\",\"target\":{\"@type\":\"EntryPoint\",\"urlTemplate\":\"https:\/\/www.mpcmeccanica.it\/?s={search_term_string}\"},\"query-input\":{\"@type\":\"PropertyValueSpecification\",\"valueRequired\":true,\"valueName\":\"search_term_string\"}}],\"inLanguage\":\"de\"}]}<\/script>\n<!-- \/ Yoast SEO plugin. -->","yoast_head_json":{"title":"Technologie 4.0 - MPC Meccanica","robots":{"index":"index","follow":"follow","max-snippet":"max-snippet:-1","max-image-preview":"max-image-preview:large","max-video-preview":"max-video-preview:-1"},"canonical":"https:\/\/www.mpcmeccanica.it\/de\/technologie-40\/","og_locale":"de_DE","og_type":"article","og_title":"Technologie 4.0 - MPC Meccanica","og_description":"DIE VIERTE DIMENSION DER VER\u00c4NDERUNG DIE VIERTE DIMENSION DER VER\u00c4NDERUNG TECHNOLOGIE 4.0 Die vierte industrielle Revolution Wir m\u00f6chten Teil der Ver\u00e4nderung sein Als im September 2016, der Nationale Industrieplan 4.0 vorgestellt wurde, hat man in Italien sehr viel dar\u00fcber gesprochen. Seitdem wurde viel getan und das gemeinsame Schl\u00fcsselwort ist Verkn\u00fcpfung, was als vollst\u00e4ndige Kontrolle des ... Weiterlesen","og_url":"https:\/\/www.mpcmeccanica.it\/de\/technologie-40\/","og_site_name":"MPC Meccanica","article_modified_time":"2020-09-20T15:20:58+00:00","og_image":[{"url":"https:\/\/www.mpcmeccanica.it\/wp-content\/uploads\/2020\/08\/mpc_tec_40.jpg","type":"","width":"","height":""}],"twitter_card":"summary_large_image","twitter_misc":{"Gesch\u00e4tzte Lesezeit":"1\u00a0Minute"},"schema":{"@context":"https:\/\/schema.org","@graph":[{"@type":"WebPage","@id":"https:\/\/www.mpcmeccanica.it\/de\/technologie-40\/","url":"https:\/\/www.mpcmeccanica.it\/de\/technologie-40\/","name":"Technologie 4.0 - MPC Meccanica","isPartOf":{"@id":"https:\/\/www.mpcmeccanica.it\/#website"},"primaryImageOfPage":{"@id":"https:\/\/www.mpcmeccanica.it\/de\/technologie-40\/#primaryimage"},"image":{"@id":"https:\/\/www.mpcmeccanica.it\/de\/technologie-40\/#primaryimage"},"thumbnailUrl":"https:\/\/www.mpcmeccanica.it\/wp-content\/uploads\/2020\/08\/mpc_tec_40.jpg","datePublished":"2020-07-07T13:11:14+00:00","dateModified":"2020-09-20T15:20:58+00:00","breadcrumb":{"@id":"https:\/\/www.mpcmeccanica.it\/de\/technologie-40\/#breadcrumb"},"inLanguage":"de","potentialAction":[{"@type":"ReadAction","target":["https:\/\/www.mpcmeccanica.it\/de\/technologie-40\/"]}]},{"@type":"ImageObject","inLanguage":"de","@id":"https:\/\/www.mpcmeccanica.it\/de\/technologie-40\/#primaryimage","url":"https:\/\/www.mpcmeccanica.it\/wp-content\/uploads\/2020\/08\/mpc_tec_40.jpg","contentUrl":"https:\/\/www.mpcmeccanica.it\/wp-content\/uploads\/2020\/08\/mpc_tec_40.jpg"},{"@type":"BreadcrumbList","@id":"https:\/\/www.mpcmeccanica.it\/de\/technologie-40\/#breadcrumb","itemListElement":[{"@type":"ListItem","position":1,"name":"Home","item":"https:\/\/www.mpcmeccanica.it\/"},{"@type":"ListItem","position":2,"name":"Technologie 4.0"}]},{"@type":"WebSite","@id":"https:\/\/www.mpcmeccanica.it\/#website","url":"https:\/\/www.mpcmeccanica.it\/","name":"MPC Meccanica","description":"","potentialAction":[{"@type":"SearchAction","target":{"@type":"EntryPoint","urlTemplate":"https:\/\/www.mpcmeccanica.it\/?s={search_term_string}"},"query-input":{"@type":"PropertyValueSpecification","valueRequired":true,"valueName":"search_term_string"}}],"inLanguage":"de"}]}},"_links":{"self":[{"href":"https:\/\/www.mpcmeccanica.it\/de\/wp-json\/wp\/v2\/pages\/612","targetHints":{"allow":["GET"]}}],"collection":[{"href":"https:\/\/www.mpcmeccanica.it\/de\/wp-json\/wp\/v2\/pages"}],"about":[{"href":"https:\/\/www.mpcmeccanica.it\/de\/wp-json\/wp\/v2\/types\/page"}],"author":[{"embeddable":true,"href":"https:\/\/www.mpcmeccanica.it\/de\/wp-json\/wp\/v2\/users\/2"}],"replies":[{"embeddable":true,"href":"https:\/\/www.mpcmeccanica.it\/de\/wp-json\/wp\/v2\/comments?post=612"}],"version-history":[{"count":7,"href":"https:\/\/www.mpcmeccanica.it\/de\/wp-json\/wp\/v2\/pages\/612\/revisions"}],"predecessor-version":[{"id":1468,"href":"https:\/\/www.mpcmeccanica.it\/de\/wp-json\/wp\/v2\/pages\/612\/revisions\/1468"}],"wp:attachment":[{"href":"https:\/\/www.mpcmeccanica.it\/de\/wp-json\/wp\/v2\/media?parent=612"}],"curies":[{"name":"wp","href":"https:\/\/api.w.org\/{rel}","templated":true}]}}